{"id":18934,"date":"2020-04-18T19:43:07","date_gmt":"2020-04-18T23:43:07","guid":{"rendered":"https:\/\/artefits.org\/ephemeralart\/?page_id=18934"},"modified":"2020-05-18T20:28:29","modified_gmt":"2020-05-19T00:28:29","slug":"support","status":"publish","type":"page","link":"https:\/\/artefits.org\/ephemeralart\/support\/","title":{"rendered":"Help Resources"},"content":{"rendered":"\t\t<div data-elementor-type=\"wp-page\" data-elementor-id=\"18934\" class=\"elementor elementor-18934\">\n\t\t\t\t\t\t<section class=\"elementor-section elementor-top-section elementor-element elementor-element-6443a7b elementor-section-boxed elementor-section-height-default elementor-section-height-default\" data-id=\"6443a7b\" data-element_type=\"section\">\n\t\t\t\t\t\t<div class=\"elementor-container elementor-column-gap-default\">\n\t\t\t\t\t<div class=\"elementor-column elementor-col-50 elementor-top-column elementor-element elementor-element-f1786f3\" data-id=\"f1786f3\" data-element_type=\"column\">\n\t\t\t<div class=\"elementor-widget-wrap elementor-element-populated\">\n\t\t\t\t\t\t<div class=\"elementor-element elementor-element-e87e412 elementor-widget elementor-widget-text-editor\" data-id=\"e87e412\" data-element_type=\"widget\" data-widget_type=\"text-editor.default\">\n\t\t\t\t<div class=\"elementor-widget-container\">\n\t\t\t\t\t\t\t\t\t<h5><span style=\"color: #999999;\"><b>DIRECTORY OF EMERGENCY FINANCIAL RESOURCES DUE TO THE COVID-19 PANDEMIC\u00a0<br \/>FOR ARTISTS AND CULTURAL INSTITUTIONS.<\/b><\/span><\/h5><h5><span lang=\"es-PR\" style=\"color: #999999;\"><b>DIRECTORIO DA AYUDAS FINANCIERAS EN CASO DE EMERGENCIA DEBIDO A LA PANDEMIA COVID-19 PARA ARTISTAS DE DISTINTAS DISCIPLINAS E INSTITUCIONES CULTURALES.<\/b><\/span><\/h5>\t\t\t\t\t\t\t\t<\/div>\n\t\t\t\t<\/div>\n\t\t\t\t\t<\/div>\n\t\t<\/div>\n\t\t\t\t<div class=\"elementor-column elementor-col-50 elementor-top-column elementor-element elementor-element-df030fd\" data-id=\"df030fd\" data-element_type=\"column\">\n\t\t\t<div class=\"elementor-widget-wrap\">\n\t\t\t\t\t\t\t<\/div>\n\t\t<\/div>\n\t\t\t\t\t<\/div>\n\t\t<\/section>\n\t\t\t\t<section class=\"elementor-section elementor-top-section elementor-element elementor-element-1707551 elementor-section-boxed elementor-section-height-default elementor-section-height-default\" data-id=\"1707551\" data-element_type=\"section\">\n\t\t\t\t\t\t<div class=\"elementor-container elementor-column-gap-default\">\n\t\t\t\t\t<div class=\"elementor-column elementor-col-100 elementor-top-column elementor-element elementor-element-dad045b\" data-id=\"dad045b\" data-element_type=\"column\">\n\t\t\t<div class=\"elementor-widget-wrap elementor-element-populated\">\n\t\t\t\t\t\t<div class=\"elementor-element elementor-element-872fe69 elementor-widget elementor-widget-text-editor\" data-id=\"872fe69\" data-element_type=\"widget\" data-widget_type=\"text-editor.default\">\n\t\t\t\t<div class=\"elementor-widget-container\">\n\t\t\t\t\t\t\t\t\t<div><p dir=\"ltr\" style=\"padding-left: 40px;\"><span style=\"color: #999999; font-family: Arial, Helvetica, sans-serif; font-size: 12pt;\"><em>&#8220;Arte_Fits Foundation assumes no responsibility or liability for any errors or omissions in the content of this site. The information contained in this site is provided on an &#8220;as is&#8221; basis with no guarantees of completeness, accuracy, usefulness or timeliness. The information in this site is intended solely for the personal non-commercial use of the user who accepts full responsibility for its use.\u00a0\u00a0While we have taken every precaution to insure that the content of this site is both current and accurate, errors can occur. The information contained in this site is general in nature and should not be considered to be legal, tax, accounting, consulting or any other professional advice.\u00a0\u00a0In all cases you should consult with professional advisors familiar with your particular factual situation for advice concerning specific matters before making any decisions.&#8221;<\/em><\/span><\/p><p dir=\"ltr\" style=\"padding-left: 40px;\"><span style=\"color: #999999; font-family: Arial, Helvetica, sans-serif; font-size: 12pt;\"><em>&#8220;La Fundaci\u00f3n Arte_Fits no asume ninguna responsabilidad u obligaci\u00f3n por cualquier error u omisi\u00f3n en el contenido de este sitio. La informaci\u00f3n contenida en este sitio se proporciona&#8221; tal cual &#8220;sin garant\u00edas de integridad, exactitud, utilidad u oportunidad. La informaci\u00f3n en Este sitio est\u00e1 destinado exclusivamente para el uso personal no comercial del usuario que acepta toda la responsabilidad por su uso. Si bien hemos tomado todas las precauciones para asegurarnos de que el contenido de este sitio sea actual y preciso, pueden producirse errores. La informaci\u00f3n contenida en este sitio es de car\u00e1cter general y no debe considerarse legal, fiscal, contable, de consultor\u00eda o cualquier otro asesoramiento profesional.En todos los casos, debe consultar con asesores profesionales familiarizados con su situaci\u00f3n f\u00e1ctica particular para obtener asesoramiento sobre asuntos espec\u00edficos antes de hacer cualquier decisiones &#8220;.<\/em><\/span><\/p><\/div><ol><li style=\"list-style-type: none;\"><ol><li style=\"list-style-type: none;\"><ol><li><span style=\"font-family: Arial, Helvetica, sans-serif; font-size: 12pt;\"><b>Artist Relief Fund<\/b> <br \/><a href=\"https:\/\/www.artistrelief.org\/\">https:\/\/www.artistrelief.org\/<\/a><br \/>Distributes $5,000 grants to artists facing dire financial emergencies due to COVID-19. <span lang=\"es-PR\"><span lang=\"es-PR\"><span lang=\"es-PR\">Distribuye subvenciones de $5,000 a artistas que enfrentan emergencias financieras graves debido al COVID-19.<\/span><\/span><\/span><\/span><\/li><li><span style=\"font-family: Arial, Helvetica, sans-serif; font-size: 12pt;\"><b>National Endowment for the Arts CARES Act<\/b> <br \/><a href=\"https:\/\/www.arts.gov\/grants-organizations\/CARES\/grant-program-description\">https:\/\/www.arts.gov\/grants-organizations\/CARES\/grant-program-description<\/a><span style=\"color: #333333;\"><br \/>Funding for nonprofit arts organizations from the Coronavirus Aid, Relief, and Economic Security (CARES) Act to preserve jobs and help support organizations forced to close operations due to the spread of COVID-19.<br \/><\/span><span lang=\"es-PR\"><span lang=\"es-PR\"><span lang=\"es-PR\">Financiamiento para organizaciones art\u00edsticas sin fines de lucro de la Ley de Ayuda, Alivio y Seguridad Econ\u00f3mica Coronavirus (CARES) para preservar empleos y ayudar a organizaciones forzadas a cerrar operaciones debido a la propagaci\u00f3n de COVID-19.<\/span><\/span><\/span><\/span><\/li><li><span style=\"font-family: Arial, Helvetica, sans-serif; font-size: 12pt;\"><b>Arts Ready<\/b> <br \/><a href=\"https:\/\/www.artsready.org\/\">https:\/\/www.artsready.org\/<\/a><span style=\"color: #444444;\"><br \/>An online emergency preparedness service by and for arts\/cultural nonprofits, provides arts organizations with customized business continuity plans for post-crisis sustainability. <\/span><span lang=\"es-PR\"><span lang=\"es-PR\"><span lang=\"es-PR\">Un servicio en l\u00ednea de preparaci\u00f3n para emergencias por y para organizaciones sin fines de lucro art\u00edsticas \/ culturales que brinda a las organizaciones art\u00edsticas planes de continuidad de negocios personalizados para la sostenibilidad posterior a la crisis.<\/span><\/span><\/span><\/span><\/li><li><span style=\"font-family: Arial, Helvetica, sans-serif; font-size: 12pt;\"><b>Foundation for Contemporary Art<br \/><\/b><a href=\"https:\/\/www.foundationforcontemporaryarts.org\/grants\/emergency-grants-covid-19-fund\">https:\/\/www.foundationforcontemporaryarts.org\/grants\/emergency-grants-covid-19-fund<\/a><span style=\"color: #333333;\"><b><br \/>FCA Emergency Grants COVID-19 Fund is <\/b><\/span><span style=\"color: #333333;\">a temporary fund to meet the needs of experimental artists who have been impacted by the economic fallout from postponed or canceled performances and exhibitions. <\/span><span lang=\"es-PR\"><span lang=\"es-PR\"><span lang=\"es-PR\">El Fondo COVID-19 de Subvenciones de Emergencia de la FCA es un fondo temporal para satisfacer las necesidades de artistas experimentales que se han visto afectados por las consecuencias econ\u00f3micas de las presentaciones y exhibiciones pospuestas o canceladas.<\/span><\/span><\/span><\/span><\/li><li><span style=\"font-family: Arial, Helvetica, sans-serif; font-size: 12pt;\"><b>Artist Relief Project<\/b> <br \/><a href=\"https:\/\/artistreliefproject.org\/\">https:\/\/artistreliefproject.org\/<\/a><span style=\"color: #4a4e57;\"><br \/>Funds to support artists in any discipline, who have been directly impacted by event cancellations and venue closures due to COVID19-related health concerns.\u00a0<\/span><span style=\"color: #4a4e57;\"><span style=\"color: #4a4e57;\"><span style=\"color: #4a4e57;\"><span lang=\"es-PR\">Fondos para apoyar a artistas de cualquier disciplina, que han sido directamente afectados por cancelaciones de eventos y cierres de lugares debido a problemas de salud relacionados con COVID19.<\/span><\/span><\/span><\/span><\/span><\/li><li><span style=\"font-family: Arial, Helvetica, sans-serif; font-size: 12pt;\"><b>Rauschenberg Emergency Grant<br \/><\/b><a href=\"https:\/\/www.nyfa.org\/Content\/Show\/Rauschenberg-Emergency-Grants\">https:\/\/www.nyfa.org\/Content\/Show\/Rauschenberg-Emergency-Grants<\/a><br \/>Program that <span style=\"color: #000000;\">provides one-time grants of up to $5,000 for unexpected medical emergencies to visual and media artists and choreographers. <\/span><span lang=\"es-PR\"><span lang=\"es-PR\"><span lang=\"es-PR\">Programa que proporciona subvenciones \u00fanicas de hasta $ 5,000 para emergencias m\u00e9dicas inesperadas a artistas visuales y de medios y core\u00f3grafos.<\/span><\/span><\/span><\/span><\/li><li><span style=\"font-family: Arial, Helvetica, sans-serif; font-size: 12pt;\"><b>The Pollock-Krasner Foundation Grant <br \/><\/b><a href=\"https:\/\/pkf.org\/our-grants\/\">https:\/\/pkf.org\/our-grants\/<\/a><span lang=\"es-PR\"><br \/>Grants for visual artists (painting, drawing, sculpture, engraving \/ graphic arts) that can demonstrate financial needs as well as a proven and solid artistic career. <\/span><span style=\"color: #1e1f1e;\"><span style=\"color: #1e1f1e;\"><span style=\"color: #1e1f1e;\"><span lang=\"es-PR\">Subvenciones para artistas visuales (pintura, dibujo, escultura, grabado\/artes gr\u00e1ficas) que puedan evidenciar necesidades financieras al igual que una trayectoria art\u00edstica s\u00f3lida y probada.<\/span><\/span><\/span><\/span><\/span><\/li><li><span style=\"font-family: Arial, Helvetica, sans-serif; font-size: 12pt;\"><b>The Photographer Fund by Format <br \/><\/b><a href=\"https:\/\/www.format.com\/photographer-fund?fbclid=IwAR13OkRXrkecoNL4XRu5orVIHDFsfeSYXKOjzRJgma_U9iZp1O7CfpO4IWQ\">https:\/\/www.format.com\/photographer-fund?fbclid=IwAR13OkRXrkecoNL4XRu5orVIHDFsfeSYXKOjzRJgma_U9iZp1O7CfpO4IWQ<\/a><br \/>Assistance for up to $500 for self-employed photographers who are facing unprecedented financial hardship in the wake of the COVID-19 pandemic. <span lang=\"es-PR\"><span lang=\"es-PR\"><span lang=\"es-PR\">Asistencia de hasta $ 500 para fot\u00f3grafos independientes que enfrentan dificultades financieras sin precedentes a ra\u00edz de la pandemia de COVID-19.<\/span><\/span><\/span><\/span><\/li><li><span style=\"font-family: Arial, Helvetica, sans-serif; font-size: 12pt;\"><b>Dietl International<\/b> <br \/><a href=\"https:\/\/www.dietl.com\/art-handlers-assistance\">https:\/\/www.dietl.com\/art-handlers-assistance<\/a><br \/>Art Handlers Assistance \u2013 a platform to show art technicians works with direct access to purchase from their studios. <span lang=\"es-PR\"><span lang=\"es-PR\"><span lang=\"es-PR\">Asistencia para manejadores de arte o t\u00e9cnicos de obras de arte: una plataforma para mostrar las obras de manejadores de arte con acceso directo para comprarlas desde sus estudios.<\/span><\/span><\/span><\/span><\/li><li><span style=\"font-family: Arial, Helvetica, sans-serif; font-size: 12pt;\"><b>COVID-19 Freelance Artists Resources<br \/><\/b><a href=\"https:\/\/covid19freelanceartistresource.wordpress.com\/\">https:\/\/covid19freelanceartistresource.wordpress.com\/<\/a><span style=\"color: #303030;\"><br \/>A list of free resources, opportunities, and financial relief options available to artists of all disciplines. <\/span><span lang=\"es-PR\"><span lang=\"es-PR\">Una lista de recursos, oportunidades y opciones de ayuda financiera disponibles gratis para artistas de todas las disciplinas.<\/span><\/span><\/span><\/li><li><span style=\"font-size: 12pt;\"><b style=\"font-family: Arial, Helvetica, sans-serif;\">Flamboyan Arts Fund<\/b><\/span><p><span style=\"font-size: 12pt;\"><a href=\"https:\/\/flamboyanfoundation.org\/announcements\/two-foundations-announce-1-million-emergency-relief-fund-for-the-puerto-rican-arts-and-culture-sector\/\"><span lang=\"es-PR\">https:\/\/flamboyanfoundation.org\/announcements\/two-foundations-announce-1-million-emergency-relief-fund-for-the-puerto-rican-arts-and-culture-sector\/<\/span><\/a><\/span><\/p><p><span style=\"font-family: Arial, Helvetica, sans-serif; font-size: 12pt;\">To help mitigate the devastating impact of the COVID-19 pandemic on the arts and culture sector in Puerto Rico, the\u00a0<a href=\"https:\/\/flamboyanfoundation.org\/flamboyanartsfund\/\">Flamboyan Arts Fund<\/a>\u00a0has joined forces with The\u00a0<a href=\"https:\/\/mellon.org\/\">Andrew W. Mellon Foundation<\/a>, with additional support from\u00a0<a href=\"https:\/\/broadwaycares.org\/\">Broadway Cares<\/a>, to launch a $1 million emergency relief fund to support individual artists and cultural organizations. These arts organizations can apply through a very flexible process for grants of $5,000 to $20,000 to use toward covering staff salaries, rent, and other basic needs during the emergency. Organizations can also use grant funds to cover the cost of creating or expanding virtual programming, including staffing and technology equipment and services.<\/span><\/p><p><span lang=\"es-PR\" style=\"font-family: Arial, Helvetica, sans-serif; font-size: 12pt;\">Para ayudar a mitigar el impacto devastador de la pandemia de COVID-19 en el sector de las artes y la cultura en Puerto Rico, el Fondo de Artes Flamboyan ha unido fuerzas con la Fundaci\u00f3n Andrew W. Mellon, con el apoyo adicional de Broadway Cares, para lanzar un fondo de emergencia de ayuda para artistas individuales y organizaciones culturales. Estas organizaciones art\u00edsticas pueden solicitar a trav\u00e9s de un proceso muy flexible subvenciones de $ 5,000 a $ 20,000 para cubrir los salarios del personal, alquiler y otras necesidades b\u00e1sicas durante la emergencia. Las organizaciones tambi\u00e9n pueden usar los fondos de subvenciones para cubrir el costo de crear o expandir la programaci\u00f3n virtual, incluidos los equipos y servicios de personal y tecnolog\u00eda.<\/span><\/p><\/li><li><p><span style=\"font-family: Arial, Helvetica, sans-serif; font-size: 12pt;\"><b>Km 0.2 and the Contemporary Art Museum of Puerto Rico<br \/><\/b><\/span><span style=\"font-family: Arial, Helvetica, sans-serif; font-size: 12pt;\"><a href=\"https:\/\/www.kilometroceropuntodos.com\/\"><u>https:\/\/www.kilometroceropuntodos.com\/<\/u><\/a><br \/><br \/><\/span><span style=\"font-family: Arial, Helvetica, sans-serif; font-size: 12pt;\">The Emergency Relief Fund will also partner with local organizations\u00a0<a href=\"http:\/\/mac-pr.org\/\">Museo de Arte Contempor\u00e1neo de Puerto Rico<\/a>\u00a0and\u00a0<a href=\"https:\/\/www.kilometroceropuntodos.com\/\">Km 0.2<\/a>\u00a0to deploy grants of $600 to over 200 individual artists. Artists of all disciplines can apply for funding through either\u00a0<a href=\"https:\/\/www.facebook.com\/MuseoMACPR\/\">Museo de Arte Contempor\u00e1neo de Puerto Rico<\/a>\u00a0or\u00a0<a href=\"https:\/\/www.kilometroceropuntodos.com\/\">Km 0.2<\/a>. Applications will be received until May 1, 2020.<br \/><\/span><span style=\"font-family: Arial, Helvetica, sans-serif; font-size: 12pt;\">El Fondo de Ayuda de Emergencia tambi\u00e9n se asociar\u00e1 con las organizaciones locales Museo de Arte Contempor\u00e1neo de Puerto Rico y Km 0.2 para desplegar subvenciones de $600 a m\u00e1s de 200 artistas individuales. Artistas de todas las disciplinas pueden solicitar financiaci\u00f3n a trav\u00e9s del Museo de Arte Contempor\u00e1neo de Puerto Rico o el Km 0.2. Las solicitudes se recibir\u00e1n hasta el 1 de mayo de 2020.<\/span><\/p><\/li><li><p><strong style=\"font-size: 12pt;\">Institute of Puerto Rican Culture (ICP)<\/strong><span style=\"font-size: 12pt;\"> &#8211;\u00a0<\/span><a style=\"font-size: 12pt;\" href=\"https:\/\/www.icp.pr.gov\/cares\/\" data-saferedirecturl=\"https:\/\/www.google.com\/url?q=https:\/\/www.icp.pr.gov\/cares\/&amp;source=gmail&amp;ust=1589934157459000&amp;usg=AFQjCNFq_idfBEjYM4RCWbjhP0BTPzR73g\">https:\/\/www.icp.pr.gov\/cares\/<\/a><\/p><p style=\"font-weight: 400;\"><span style=\"font-size: 12pt;\">The Puerto Rican Institute of Culture (ICP) announced the availability of funds for individual artists and 501 (c) (3) cultural organizations that their operations have been affected by the COVID-19 pandemic. The announcement to apply for the CARES Law \u2013 COVID-19 grant will run until Friday, June 12.<\/span><\/p><p style=\"font-weight: 400;\"><span style=\"font-size: 12pt;\">The grants have a limit up to $ 7,000 for individual artists and up to $ 20,000 for 501 (c) (3) cultural organizations.<\/span><\/p><p style=\"font-weight: 400;\"><span style=\"font-size: 12pt;\">For more information about this grant, those interested can participate in a virtual orientation, this coming Wednesday, May 20, at 2:00 pm through the Zoom platform. The workshop is aimed at individual artists and 501 (c) (3) cultural organizations.<\/span><\/p><\/li><\/ol><\/li><\/ol><\/li><\/ol>\t\t\t\t\t\t\t\t<\/div>\n\t\t\t\t<\/div>\n\t\t\t\t\t<\/div>\n\t\t<\/div>\n\t\t\t\t\t<\/div>\n\t\t<\/section>\n\t\t\t\t<\/div>\n\t\t","protected":false},"excerpt":{"rendered":"<p>DIRECTORY OF EMERGENCY FINANCIAL RESOURCES DUE TO THE COVID-19 PANDEMIC\u00a0FOR ARTISTS AND CULTURAL INSTITUTIONS. DIRECTORIO DA AYUDAS FINANCIERAS EN CASO DE EMERGENCIA DEBIDO A LA PANDEMIA COVID-19 PARA ARTISTAS DE DISTINTAS DISCIPLINAS E INSTITUCIONES CULTURALES. &#8220;Arte_Fits Foundation assumes no responsibility or liability for any errors or omissions in the content of this site. The information&#8230;<\/p>\n","protected":false},"author":14,"featured_media":0,"parent":0,"menu_order":0,"comment_status":"closed","ping_status":"closed","template":"","meta":{"om_disable_all_campaigns":false,"_monsterinsights_skip_tracking":false,"_monsterinsights_sitenote_active":false,"_monsterinsights_sitenote_note":"","_monsterinsights_sitenote_category":0,"_uf_show_specific_survey":0,"_uf_disable_surveys":false,"footnotes":""},"class_list":["post-18934","page","type-page","status-publish","hentry"],"aioseo_notices":[],"yoast_head":"<!-- This site is optimized with the Yoast SEO plugin v27.2 - https:\/\/yoast.com\/product\/yoast-seo-wordpress\/ -->\n<title>Help Resources &#8226; arteFITS Foundation<\/title>\n<meta name=\"robots\" content=\"index, follow, max-snippet:-1, max-image-preview:large, max-video-preview:-1\" \/>\n<link rel=\"canonical\" href=\"https:\/\/artefits.org\/ephemeralart\/support\/\" \/>\n<meta property=\"og:locale\" content=\"en_US\" \/>\n<meta property=\"og:type\" content=\"article\" \/>\n<meta property=\"og:title\" content=\"Help Resources &#8226; arteFITS Foundation\" \/>\n<meta property=\"og:description\" content=\"DIRECTORY OF EMERGENCY FINANCIAL RESOURCES DUE TO THE COVID-19 PANDEMIC\u00a0FOR ARTISTS AND CULTURAL INSTITUTIONS. DIRECTORIO DA AYUDAS FINANCIERAS EN CASO DE EMERGENCIA DEBIDO A LA PANDEMIA COVID-19 PARA ARTISTAS DE DISTINTAS DISCIPLINAS E INSTITUCIONES CULTURALES. &#8220;Arte_Fits Foundation assumes no responsibility or liability for any errors or omissions in the content of this site. The information...\" \/>\n<meta property=\"og:url\" content=\"https:\/\/artefits.org\/ephemeralart\/support\/\" \/>\n<meta property=\"og:site_name\" content=\"arteFITS Foundation\" \/>\n<meta property=\"article:publisher\" content=\"https:\/\/www.facebook.com\/artefits\/\" \/>\n<meta property=\"article:modified_time\" content=\"2020-05-19T00:28:29+00:00\" \/>\n<meta name=\"twitter:card\" content=\"summary_large_image\" \/>\n<meta name=\"twitter:label1\" content=\"Est. reading time\" \/>\n\t<meta name=\"twitter:data1\" content=\"7 minutes\" \/>\n<script type=\"application\/ld+json\" class=\"yoast-schema-graph\">{\"@context\":\"https:\/\/schema.org\",\"@graph\":[{\"@type\":\"WebPage\",\"@id\":\"https:\/\/artefits.org\/ephemeralart\/support\/\",\"url\":\"https:\/\/artefits.org\/ephemeralart\/support\/\",\"name\":\"Help Resources &#8226; arteFITS Foundation\",\"isPartOf\":{\"@id\":\"https:\/\/artefits.org\/ephemeralart\/#website\"},\"datePublished\":\"2020-04-18T23:43:07+00:00\",\"dateModified\":\"2020-05-19T00:28:29+00:00\",\"breadcrumb\":{\"@id\":\"https:\/\/artefits.org\/ephemeralart\/support\/#breadcrumb\"},\"inLanguage\":\"en-US\",\"potentialAction\":[{\"@type\":\"ReadAction\",\"target\":[\"https:\/\/artefits.org\/ephemeralart\/support\/\"]}]},{\"@type\":\"BreadcrumbList\",\"@id\":\"https:\/\/artefits.org\/ephemeralart\/support\/#breadcrumb\",\"itemListElement\":[{\"@type\":\"ListItem\",\"position\":1,\"name\":\"Home\",\"item\":\"https:\/\/artefits.org\/ephemeralart\/\"},{\"@type\":\"ListItem\",\"position\":2,\"name\":\"Help Resources\"}]},{\"@type\":\"WebSite\",\"@id\":\"https:\/\/artefits.org\/ephemeralart\/#website\",\"url\":\"https:\/\/artefits.org\/ephemeralart\/\",\"name\":\"arteFITS Foundation\",\"description\":\"ephemeral art\",\"publisher\":{\"@id\":\"https:\/\/artefits.org\/ephemeralart\/#organization\"},\"potentialAction\":[{\"@type\":\"SearchAction\",\"target\":{\"@type\":\"EntryPoint\",\"urlTemplate\":\"https:\/\/artefits.org\/ephemeralart\/?s={search_term_string}\"},\"query-input\":{\"@type\":\"PropertyValueSpecification\",\"valueRequired\":true,\"valueName\":\"search_term_string\"}}],\"inLanguage\":\"en-US\"},{\"@type\":\"Organization\",\"@id\":\"https:\/\/artefits.org\/ephemeralart\/#organization\",\"name\":\"arteFITS Foundation\",\"url\":\"https:\/\/artefits.org\/ephemeralart\/\",\"logo\":{\"@type\":\"ImageObject\",\"inLanguage\":\"en-US\",\"@id\":\"https:\/\/artefits.org\/ephemeralart\/#\/schema\/logo\/image\/\",\"url\":\"https:\/\/artefits.org\/ephemeralart\/wp-content\/uploads\/2019\/03\/Logo-artFITS-400px-alpha.png\",\"contentUrl\":\"https:\/\/artefits.org\/ephemeralart\/wp-content\/uploads\/2019\/03\/Logo-artFITS-400px-alpha.png\",\"width\":400,\"height\":400,\"caption\":\"arteFITS Foundation\"},\"image\":{\"@id\":\"https:\/\/artefits.org\/ephemeralart\/#\/schema\/logo\/image\/\"},\"sameAs\":[\"https:\/\/www.facebook.com\/artefits\/\",\"https:\/\/www.instagram.com\/arte_fits.foundation\/\"]}]}<\/script>\n<!-- \/ Yoast SEO plugin. -->","yoast_head_json":{"title":"Help Resources &#8226; arteFITS Foundation","robots":{"index":"index","follow":"follow","max-snippet":"max-snippet:-1","max-image-preview":"max-image-preview:large","max-video-preview":"max-video-preview:-1"},"canonical":"https:\/\/artefits.org\/ephemeralart\/support\/","og_locale":"en_US","og_type":"article","og_title":"Help Resources &#8226; arteFITS Foundation","og_description":"DIRECTORY OF EMERGENCY FINANCIAL RESOURCES DUE TO THE COVID-19 PANDEMIC\u00a0FOR ARTISTS AND CULTURAL INSTITUTIONS. DIRECTORIO DA AYUDAS FINANCIERAS EN CASO DE EMERGENCIA DEBIDO A LA PANDEMIA COVID-19 PARA ARTISTAS DE DISTINTAS DISCIPLINAS E INSTITUCIONES CULTURALES. &#8220;Arte_Fits Foundation assumes no responsibility or liability for any errors or omissions in the content of this site. The information...","og_url":"https:\/\/artefits.org\/ephemeralart\/support\/","og_site_name":"arteFITS Foundation","article_publisher":"https:\/\/www.facebook.com\/artefits\/","article_modified_time":"2020-05-19T00:28:29+00:00","twitter_card":"summary_large_image","twitter_misc":{"Est. reading time":"7 minutes"},"schema":{"@context":"https:\/\/schema.org","@graph":[{"@type":"WebPage","@id":"https:\/\/artefits.org\/ephemeralart\/support\/","url":"https:\/\/artefits.org\/ephemeralart\/support\/","name":"Help Resources &#8226; arteFITS Foundation","isPartOf":{"@id":"https:\/\/artefits.org\/ephemeralart\/#website"},"datePublished":"2020-04-18T23:43:07+00:00","dateModified":"2020-05-19T00:28:29+00:00","breadcrumb":{"@id":"https:\/\/artefits.org\/ephemeralart\/support\/#breadcrumb"},"inLanguage":"en-US","potentialAction":[{"@type":"ReadAction","target":["https:\/\/artefits.org\/ephemeralart\/support\/"]}]},{"@type":"BreadcrumbList","@id":"https:\/\/artefits.org\/ephemeralart\/support\/#breadcrumb","itemListElement":[{"@type":"ListItem","position":1,"name":"Home","item":"https:\/\/artefits.org\/ephemeralart\/"},{"@type":"ListItem","position":2,"name":"Help Resources"}]},{"@type":"WebSite","@id":"https:\/\/artefits.org\/ephemeralart\/#website","url":"https:\/\/artefits.org\/ephemeralart\/","name":"arteFITS Foundation","description":"ephemeral art","publisher":{"@id":"https:\/\/artefits.org\/ephemeralart\/#organization"},"potentialAction":[{"@type":"SearchAction","target":{"@type":"EntryPoint","urlTemplate":"https:\/\/artefits.org\/ephemeralart\/?s={search_term_string}"},"query-input":{"@type":"PropertyValueSpecification","valueRequired":true,"valueName":"search_term_string"}}],"inLanguage":"en-US"},{"@type":"Organization","@id":"https:\/\/artefits.org\/ephemeralart\/#organization","name":"arteFITS Foundation","url":"https:\/\/artefits.org\/ephemeralart\/","logo":{"@type":"ImageObject","inLanguage":"en-US","@id":"https:\/\/artefits.org\/ephemeralart\/#\/schema\/logo\/image\/","url":"https:\/\/artefits.org\/ephemeralart\/wp-content\/uploads\/2019\/03\/Logo-artFITS-400px-alpha.png","contentUrl":"https:\/\/artefits.org\/ephemeralart\/wp-content\/uploads\/2019\/03\/Logo-artFITS-400px-alpha.png","width":400,"height":400,"caption":"arteFITS Foundation"},"image":{"@id":"https:\/\/artefits.org\/ephemeralart\/#\/schema\/logo\/image\/"},"sameAs":["https:\/\/www.facebook.com\/artefits\/","https:\/\/www.instagram.com\/arte_fits.foundation\/"]}]}},"_links":{"self":[{"href":"https:\/\/artefits.org\/ephemeralart\/wp-json\/wp\/v2\/pages\/18934","targetHints":{"allow":["GET"]}}],"collection":[{"href":"https:\/\/artefits.org\/ephemeralart\/wp-json\/wp\/v2\/pages"}],"about":[{"href":"https:\/\/artefits.org\/ephemeralart\/wp-json\/wp\/v2\/types\/page"}],"author":[{"embeddable":true,"href":"https:\/\/artefits.org\/ephemeralart\/wp-json\/wp\/v2\/users\/14"}],"replies":[{"embeddable":true,"href":"https:\/\/artefits.org\/ephemeralart\/wp-json\/wp\/v2\/comments?post=18934"}],"version-history":[{"count":20,"href":"https:\/\/artefits.org\/ephemeralart\/wp-json\/wp\/v2\/pages\/18934\/revisions"}],"predecessor-version":[{"id":19462,"href":"https:\/\/artefits.org\/ephemeralart\/wp-json\/wp\/v2\/pages\/18934\/revisions\/19462"}],"wp:attachment":[{"href":"https:\/\/artefits.org\/ephemeralart\/wp-json\/wp\/v2\/media?parent=18934"}],"curies":[{"name":"wp","href":"https:\/\/api.w.org\/{rel}","templated":true}]}}